{"id":1023,"date":"2025-03-02T20:50:25","date_gmt":"2025-03-02T20:50:25","guid":{"rendered":"https:\/\/wuwei-coaching.com\/?page_id=1023"},"modified":"2025-05-25T00:00:11","modified_gmt":"2025-05-25T00:00:11","slug":"brindarte","status":"publish","type":"page","link":"https:\/\/wuwei-coaching.com\/?page_id=1023","title":{"rendered":"BrindArte"},"content":{"rendered":"\n<h3 class=\"wp-block-heading\">Taller de Pintura Acr\u00edlica: Crea, Disfruta y Brinda<\/h3>\n\n\n\n<h4 class=\"wp-block-heading\">\ud83c\udfa8 Un espacio para relajarte, despertar tu creatividad y disfrutar de la pintura acr\u00edlica sin necesidad de experiencia previa. <\/h4>\n\n\n\n<p>Durante <strong>dos horas<\/strong> , explorar\u00e1s t\u00e9cnicas b\u00e1scias de acr\u00edlico mientras creas tu propia obra, acompa\u00f1ado de una bebida a elecci\u00f3n para hacer la experiencia a\u00fan m\u00e1s especial.<\/p>\n\n\n\n<p>\u2714\ufe0f <strong>Ideal para principiantes y aficionados al arte.<\/strong><br>\u2714\ufe0f <strong>Ambiente relajado, sin presiones ni reglas estrictas.<\/strong><br>\u2714\ufe0f<strong>Materiales incluidos: lienzo, pinceles y acr\u00edlicos.<\/strong><br>\u2714\ufe0f<strong>Disfruta de una consumo mientras pintas.<\/strong><\/p>\n\n\n\n<figure class=\"wp-block-gallery has-nested-images columns-default is-cropped wp-block-gallery-1 is-layout-flex wp-block-gallery-is-layout-flex\">\n<figure class=\"wp-block-image size-large\"><img loading=\"lazy\" decoding=\"async\" width=\"1024\" height=\"974\" data-id=\"1202\" src=\"https:\/\/wuwei-coaching.com\/wp-content\/uploads\/2025\/03\/mar-1-1024x974.jpg\" alt=\"\" class=\"wp-image-1202\" srcset=\"https:\/\/wuwei-coaching.com\/wp-content\/uploads\/2025\/03\/mar-1-1024x974.jpg 1024w, https:\/\/wuwei-coaching.com\/wp-content\/uploads\/2025\/03\/mar-1-300x285.jpg 300w, https:\/\/wuwei-coaching.com\/wp-content\/uploads\/2025\/03\/mar-1-768x730.jpg 768w, https:\/\/wuwei-coaching.com\/wp-content\/uploads\/2025\/03\/mar-1-1536x1460.jpg 1536w, https:\/\/wuwei-coaching.com\/wp-content\/uploads\/2025\/03\/mar-1-2048x1947.jpg 2048w\" sizes=\"auto, (max-width: 1024px) 100vw, 1024px\" \/><\/figure>\n\n\n\n<figure class=\"wp-block-image size-large\"><img loading=\"lazy\" decoding=\"async\" width=\"997\" height=\"1024\" data-id=\"1201\" src=\"https:\/\/wuwei-coaching.com\/wp-content\/uploads\/2025\/03\/mar1-1-997x1024.jpg\" alt=\"\" class=\"wp-image-1201\" srcset=\"https:\/\/wuwei-coaching.com\/wp-content\/uploads\/2025\/03\/mar1-1-997x1024.jpg 997w, https:\/\/wuwei-coaching.com\/wp-content\/uploads\/2025\/03\/mar1-1-292x300.jpg 292w, https:\/\/wuwei-coaching.com\/wp-content\/uploads\/2025\/03\/mar1-1-768x789.jpg 768w, https:\/\/wuwei-coaching.com\/wp-content\/uploads\/2025\/03\/mar1-1.jpg 1345w\" sizes=\"auto, (max-width: 997px) 100vw, 997px\" \/><\/figure>\n\n\n\n<figure class=\"wp-block-image size-large\"><img loading=\"lazy\" decoding=\"async\" width=\"996\" height=\"1024\" data-id=\"1200\" src=\"https:\/\/wuwei-coaching.com\/wp-content\/uploads\/2025\/03\/margaritas-verdes-996x1024.jpg\" alt=\"\" class=\"wp-image-1200\" srcset=\"https:\/\/wuwei-coaching.com\/wp-content\/uploads\/2025\/03\/margaritas-verdes-996x1024.jpg 996w, https:\/\/wuwei-coaching.com\/wp-content\/uploads\/2025\/03\/margaritas-verdes-292x300.jpg 292w, https:\/\/wuwei-coaching.com\/wp-content\/uploads\/2025\/03\/margaritas-verdes-768x789.jpg 768w, https:\/\/wuwei-coaching.com\/wp-content\/uploads\/2025\/03\/margaritas-verdes-1494x1536.jpg 1494w, https:\/\/wuwei-coaching.com\/wp-content\/uploads\/2025\/03\/margaritas-verdes-1993x2048.jpg 1993w\" sizes=\"auto, (max-width: 996px) 100vw, 996px\" \/><\/figure>\n\n\n\n<figure class=\"wp-block-image size-large\"><img loading=\"lazy\" decoding=\"async\" width=\"1003\" height=\"1024\" data-id=\"1199\" src=\"https:\/\/wuwei-coaching.com\/wp-content\/uploads\/2025\/03\/margarita-rosa-1003x1024.jpg\" alt=\"\" class=\"wp-image-1199\" srcset=\"https:\/\/wuwei-coaching.com\/wp-content\/uploads\/2025\/03\/margarita-rosa-1003x1024.jpg 1003w, https:\/\/wuwei-coaching.com\/wp-content\/uploads\/2025\/03\/margarita-rosa-294x300.jpg 294w, https:\/\/wuwei-coaching.com\/wp-content\/uploads\/2025\/03\/margarita-rosa-768x784.jpg 768w, https:\/\/wuwei-coaching.com\/wp-content\/uploads\/2025\/03\/margarita-rosa.jpg 1355w\" sizes=\"auto, (max-width: 1003px) 100vw, 1003px\" \/><\/figure>\n<\/figure>\n\n\n\n<hr class=\"wp-block-separator has-alpha-channel-opacity\"\/>\n\n\n\n<h4 class=\"wp-block-heading\">\ud83c\udfa8 <strong>\u00bfQu\u00e9 aprender\u00e1s?<\/strong><\/h4>\n\n\n\n<p>\ud83d\udd39T\u00e9cnicas <strong>b\u00e1sicas de pintura acr\u00edlica<\/strong><br>\ud83d\udd39 <strong>C\u00f3mo componer una obra desde cero, jugando con formas y tonos.<\/strong><br>\ud83d\udd39 <strong>Libertad creativa:<\/strong> expresar ideas y emociones a trav\u00e9s del color<br>\ud83d\udd39 <strong>Trucos para mejorar la fluidez y los acabados en tu pintura.<\/strong><\/p>\n\n\n\n<p>No necesitas experiencia, solo ganas de pintar y pasarlo bien<\/p>\n\n\n\n<hr class=\"wp-block-separator has-alpha-channel-opacity\"\/>\n\n\n\n<h4 class=\"wp-block-heading\">\ud83c\udf77 <strong>\u00bfQu\u00e9 incluye?<\/strong><\/h4>\n\n\n<div class=\"wp-block-image\">\n<figure class=\"aligncenter size-large is-resized\"><img loading=\"lazy\" decoding=\"async\" width=\"1024\" height=\"682\" src=\"https:\/\/wuwei-coaching.com\/wp-content\/uploads\/2025\/03\/paint-1850856_1280-1024x682.jpg\" alt=\"\" class=\"wp-image-1207\" style=\"width:711px;height:auto\" srcset=\"https:\/\/wuwei-coaching.com\/wp-content\/uploads\/2025\/03\/paint-1850856_1280-1024x682.jpg 1024w, https:\/\/wuwei-coaching.com\/wp-content\/uploads\/2025\/03\/paint-1850856_1280-300x200.jpg 300w, https:\/\/wuwei-coaching.com\/wp-content\/uploads\/2025\/03\/paint-1850856_1280-768x512.jpg 768w, https:\/\/wuwei-coaching.com\/wp-content\/uploads\/2025\/03\/paint-1850856_1280-360x240.jpg 360w, https:\/\/wuwei-coaching.com\/wp-content\/uploads\/2025\/03\/paint-1850856_1280-272x182.jpg 272w, https:\/\/wuwei-coaching.com\/wp-content\/uploads\/2025\/03\/paint-1850856_1280.jpg 1280w\" sizes=\"auto, (max-width: 1024px) 100vw, 1024px\" \/><\/figure>\n<\/div>\n\n\n<p><\/p>\n\n\n\n<p>\u2705 Todos los materiales (lienzo, pinceles, pintura, paleta).<br>\u2705 Acompa\u00f1amiento paso a paso para pintar tu obra<br>\u2705 Una consumici\u00f3n a elecci\u00f3n (vino, cerveza, refresco o caf\u00e9)<br>\u2705 Un ambiente relajado y divertido para disfrutar del arte<\/p>\n\n\n\n<hr class=\"wp-block-separator has-alpha-channel-opacity\"\/>\n\n\n\n<p><\/p>\n\n\n\n<h4 class=\"wp-block-heading has-text-align-left\">\ud83d\udccd\u00bfC\u00f3mo <strong>funciona?<\/strong><\/h4>\n\n\n\n<p>\ud83d\udccc <strong>Duraci\u00f3n:<\/strong> 2 horas<br>\ud83d\udccc <strong>Reserva previa:<\/strong> S\u00ed<br>\ud83d\udccc <strong>Grupos reducidos:<\/strong> Para ofrecer una atenci\u00f3n personalizada<\/p>\n\n\n\n<p>\ud83c\udfa8 <strong>\u00a1Ll\u00e9vate tu obra terminada y una experiencia \u00fanica!<\/strong><\/p>\n\n\n\n<p> <strong>Reserva tu plaza ahora:<\/strong> 654546795<\/p>\n\n\n\n<hr class=\"wp-block-separator has-alpha-channel-opacity\"\/>\n\n\n\n<p><\/p>\n","protected":false},"excerpt":{"rendered":"<p>Taller de Pintura Acr\u00edlica: Crea, Disfruta y Brinda \ud83c\udfa8 Un espacio para relajarte, despertar tu creatividad y disfrutar de la pintura acr\u00edlica sin necesidad de experiencia previa. Durante dos horas , explorar\u00e1s t\u00e9cnicas b\u00e1scias de acr\u00edlico mientras creas tu propia obra, acompa\u00f1ado de una bebida a elecci\u00f3n para hacer la [&hellip;]<\/p>\n","protected":false},"author":1,"featured_media":1213,"parent":0,"menu_order":0,"comment_status":"closed","ping_status":"closed","template":"","meta":{"_themeisle_gutenberg_block_has_review":false,"_ti_tpc_template_sync":false,"_ti_tpc_template_id":"","footnotes":""},"class_list":["post-1023","page","type-page","status-publish","has-post-thumbnail","hentry"],"_links":{"self":[{"href":"https:\/\/wuwei-coaching.com\/index.php?rest_route=\/wp\/v2\/pages\/1023","targetHints":{"allow":["GET"]}}],"collection":[{"href":"https:\/\/wuwei-coaching.com\/index.php?rest_route=\/wp\/v2\/pages"}],"about":[{"href":"https:\/\/wuwei-coaching.com\/index.php?rest_route=\/wp\/v2\/types\/page"}],"author":[{"embeddable":true,"href":"https:\/\/wuwei-coaching.com\/index.php?rest_route=\/wp\/v2\/users\/1"}],"replies":[{"embeddable":true,"href":"https:\/\/wuwei-coaching.com\/index.php?rest_route=%2Fwp%2Fv2%2Fcomments&post=1023"}],"version-history":[{"count":17,"href":"https:\/\/wuwei-coaching.com\/index.php?rest_route=\/wp\/v2\/pages\/1023\/revisions"}],"predecessor-version":[{"id":1246,"href":"https:\/\/wuwei-coaching.com\/index.php?rest_route=\/wp\/v2\/pages\/1023\/revisions\/1246"}],"wp:featuredmedia":[{"embeddable":true,"href":"https:\/\/wuwei-coaching.com\/index.php?rest_route=\/wp\/v2\/media\/1213"}],"wp:attachment":[{"href":"https:\/\/wuwei-coaching.com\/index.php?rest_route=%2Fwp%2Fv2%2Fmedia&parent=1023"}],"curies":[{"name":"wp","href":"https:\/\/api.w.org\/{rel}","templated":true}]}}