{"id":201,"date":"2020-02-03T08:26:41","date_gmt":"2020-02-03T08:26:41","guid":{"rendered":"https:\/\/demosites.io\/architecture-gb\/?page_id=201"},"modified":"2025-03-02T20:30:36","modified_gmt":"2025-03-02T20:30:36","slug":"e866c-our-projects","status":"publish","type":"page","link":"https:\/\/wuwei-coaching.com\/?page_id=201","title":{"rendered":"PNL"},"content":{"rendered":"\n<div id=\"wp-block-themeisle-blocks-advanced-columns-966e2247\" class=\"wp-block-themeisle-blocks-advanced-columns alignfull has-1-columns has-desktop-equal-layout has-tablet-equal-layout has-mobile-equal-layout has-vertical-unset\"><div class=\"wp-block-themeisle-blocks-advanced-columns-overlay\"><\/div><div class=\"innerblocks-wrap\">\n<div id=\"wp-block-themeisle-blocks-advanced-column-d92441b4\" class=\"wp-block-themeisle-blocks-advanced-column\">\n<div class=\"wp-block-cover\"><span aria-hidden=\"true\" class=\"wp-block-cover__background has-background-dim\"><\/span><img loading=\"lazy\" decoding=\"async\" width=\"1024\" height=\"682\" class=\"wp-block-cover__image-background wp-image-1139\" alt=\"\" src=\"https:\/\/wuwei-coaching.com\/wp-content\/uploads\/2025\/03\/empathy-4292845_1280-1024x682.jpg\" data-object-fit=\"cover\" srcset=\"https:\/\/wuwei-coaching.com\/wp-content\/uploads\/2025\/03\/empathy-4292845_1280-1024x682.jpg 1024w, https:\/\/wuwei-coaching.com\/wp-content\/uploads\/2025\/03\/empathy-4292845_1280-300x200.jpg 300w, https:\/\/wuwei-coaching.com\/wp-content\/uploads\/2025\/03\/empathy-4292845_1280-768x512.jpg 768w, https:\/\/wuwei-coaching.com\/wp-content\/uploads\/2025\/03\/empathy-4292845_1280-360x240.jpg 360w, https:\/\/wuwei-coaching.com\/wp-content\/uploads\/2025\/03\/empathy-4292845_1280-272x182.jpg 272w, https:\/\/wuwei-coaching.com\/wp-content\/uploads\/2025\/03\/empathy-4292845_1280.jpg 1280w\" sizes=\"auto, (max-width: 1024px) 100vw, 1024px\" \/><div class=\"wp-block-cover__inner-container is-layout-flow wp-block-cover-is-layout-flow\">\n<p class=\"has-text-align-center has-large-font-size\">PROGRAMACI\u00d3N NEUROLING\u00dcISTICA<\/p>\n<\/div><\/div>\n\n\n\n<h4 class=\"wp-block-heading has-text-align-center\">TRANSFORMA TU MENTE, TRANSFORMA TU VIDA<\/h4>\n\n\n\n<figure class=\"wp-block-image size-large\"><img loading=\"lazy\" decoding=\"async\" width=\"1024\" height=\"546\" src=\"https:\/\/wuwei-coaching.com\/wp-content\/uploads\/2025\/03\/communication-1991849_1280-1024x546.png\" alt=\"\" class=\"wp-image-1135\" srcset=\"https:\/\/wuwei-coaching.com\/wp-content\/uploads\/2025\/03\/communication-1991849_1280-1024x546.png 1024w, https:\/\/wuwei-coaching.com\/wp-content\/uploads\/2025\/03\/communication-1991849_1280-300x160.png 300w, https:\/\/wuwei-coaching.com\/wp-content\/uploads\/2025\/03\/communication-1991849_1280-768x409.png 768w, https:\/\/wuwei-coaching.com\/wp-content\/uploads\/2025\/03\/communication-1991849_1280.png 1280w\" sizes=\"auto, (max-width: 1024px) 100vw, 1024px\" \/><\/figure>\n\n\n\n<h4 class=\"wp-block-heading\">\u00bfQU\u00c9 ES LA PNL?<\/h4>\n\n\n<div class=\"wp-block-image\">\n<figure class=\"alignleft size-large is-resized\"><img loading=\"lazy\" decoding=\"async\" width=\"1024\" height=\"682\" src=\"https:\/\/wuwei-coaching.com\/wp-content\/uploads\/2025\/03\/brain-9278888_1280-1024x682.png\" alt=\"\" class=\"wp-image-1136\" style=\"width:214px;height:auto\" srcset=\"https:\/\/wuwei-coaching.com\/wp-content\/uploads\/2025\/03\/brain-9278888_1280-1024x682.png 1024w, https:\/\/wuwei-coaching.com\/wp-content\/uploads\/2025\/03\/brain-9278888_1280-300x200.png 300w, https:\/\/wuwei-coaching.com\/wp-content\/uploads\/2025\/03\/brain-9278888_1280-768x512.png 768w, https:\/\/wuwei-coaching.com\/wp-content\/uploads\/2025\/03\/brain-9278888_1280-360x240.png 360w, https:\/\/wuwei-coaching.com\/wp-content\/uploads\/2025\/03\/brain-9278888_1280-272x182.png 272w, https:\/\/wuwei-coaching.com\/wp-content\/uploads\/2025\/03\/brain-9278888_1280.png 1280w\" sizes=\"auto, (max-width: 1024px) 100vw, 1024px\" \/><\/figure>\n<\/div>\n\n\n<p>La <strong>Programaci\u00f3n Neuroling\u00fc\u00edstica<\/strong> es un enfoque psicol\u00f3gico que explora la relaci\u00f3n entre los <strong>procesos neurol\u00f3gicos<\/strong> , el <strong>lenguaje<\/strong> y los <strong>patrones de comportamiento<\/strong> que hemos aprendido a lo largo de nuestra vida. Se basa en la idea de que nuestras percepciones del mundo pueden ser reprogramadas para mejorar nuestras experiencias y resultados.<\/p>\n\n\n\n<p>\u2714\ufe0f <strong>Mejora la comunicaci\u00f3n.<\/strong><br>\u2714\ufe0f <strong>Cambia patrones limitantes.<\/strong><br>\u2714\ufe0f <strong>Potencia tu desarrollo personal y profesional.<\/strong><\/p>\n\n\n\n<figure class=\"wp-block-image size-large\"><img loading=\"lazy\" decoding=\"async\" width=\"1024\" height=\"682\" src=\"https:\/\/wuwei-coaching.com\/wp-content\/uploads\/2025\/03\/woman-3509143_1280-1024x682.jpg\" alt=\"\" class=\"wp-image-1161\" srcset=\"https:\/\/wuwei-coaching.com\/wp-content\/uploads\/2025\/03\/woman-3509143_1280-1024x682.jpg 1024w, https:\/\/wuwei-coaching.com\/wp-content\/uploads\/2025\/03\/woman-3509143_1280-300x200.jpg 300w, https:\/\/wuwei-coaching.com\/wp-content\/uploads\/2025\/03\/woman-3509143_1280-768x512.jpg 768w, https:\/\/wuwei-coaching.com\/wp-content\/uploads\/2025\/03\/woman-3509143_1280-360x240.jpg 360w, https:\/\/wuwei-coaching.com\/wp-content\/uploads\/2025\/03\/woman-3509143_1280-272x182.jpg 272w, https:\/\/wuwei-coaching.com\/wp-content\/uploads\/2025\/03\/woman-3509143_1280.jpg 1280w\" sizes=\"auto, (max-width: 1024px) 100vw, 1024px\" \/><\/figure>\n\n\n\n<h4 class=\"wp-block-heading\">PRINCIPALES CONCEPTOS DE LA PNL<\/h4>\n\n\n\n<h3 class=\"wp-block-heading\">1. <strong>Anclaje<\/strong><\/h3>\n\n\n\n<p>Crear asociaciones entre una experiencia emocionalmente poderosa y un est\u00edmulo (como un gesto o una palabra) para acceder a esa emoci\u00f3n cuando sea necesario.<\/p>\n\n\n\n<h3 class=\"wp-block-heading\">2. <strong>Reencuadre<\/strong><\/h3>\n\n\n\n<p>Cambie la perspectiva de una situaci\u00f3n para verla de una manera m\u00e1s positiva y constructiva.<\/p>\n\n\n\n<h3 class=\"wp-block-heading\">3. <strong>Relaci\u00f3n<\/strong><\/h3>\n\n\n\n<p>El proceso de establecer una conexi\u00f3n de confianza con otra persona, ajustando tu comportamiento a su lenguaje verbal y no verbal.<\/p>\n\n\n\n<h3 class=\"wp-block-heading\">4. <strong>Modelado<\/strong><\/h3>\n\n\n\n<p>Estudiar a personas exitosas en un \u00e1rea espec\u00edfica y replicar sus estrategias y comportamientos para obtener los mismos resultados.<\/p>\n\n\n\n<h3 class=\"wp-block-heading\">5. <strong>Submodalidades<\/strong><\/h3>\n\n\n\n<p>Explorar y modificar los detalles sensoriales de nuestras experiencias internas (c\u00f3mo vemos, o\u00edmos o sentimos algo) para cambiar nuestra respuesta emocional hacia ellas.<\/p>\n\n\n\n<p class=\"has-text-align-center\"><br><\/p>\n<\/div>\n<\/div><\/div>\n\n\n\n<div id=\"wp-block-themeisle-blocks-advanced-columns-82a4c394\" class=\"wp-block-themeisle-blocks-advanced-columns alignfull has-2-columns has-desktop-equal-layout has-tablet-equal-layout has-mobile-collapsedRows-layout has-vertical-unset ticss-ce69d1c2\"><div class=\"wp-block-themeisle-blocks-advanced-columns-overlay\"><\/div><div class=\"innerblocks-wrap\">\n<div id=\"wp-block-themeisle-blocks-advanced-column-b9082770\" class=\"wp-block-themeisle-blocks-advanced-column\">\n<figure class=\"wp-block-image size-large animated fadeInUp slow\"><img loading=\"lazy\" decoding=\"async\" width=\"1024\" height=\"791\" src=\"https:\/\/wuwei-coaching.com\/wp-content\/uploads\/2025\/03\/qualities-954789_1280-1024x791.jpg\" alt=\"\" class=\"wp-image-1147\" srcset=\"https:\/\/wuwei-coaching.com\/wp-content\/uploads\/2025\/03\/qualities-954789_1280-1024x791.jpg 1024w, https:\/\/wuwei-coaching.com\/wp-content\/uploads\/2025\/03\/qualities-954789_1280-300x232.jpg 300w, https:\/\/wuwei-coaching.com\/wp-content\/uploads\/2025\/03\/qualities-954789_1280-768x593.jpg 768w, https:\/\/wuwei-coaching.com\/wp-content\/uploads\/2025\/03\/qualities-954789_1280.jpg 1280w\" sizes=\"auto, (max-width: 1024px) 100vw, 1024px\" \/><\/figure>\n<\/div>\n\n\n\n<div id=\"wp-block-themeisle-blocks-advanced-column-63c709a8\" class=\"wp-block-themeisle-blocks-advanced-column\">\n<h6 id=\"wp-block-themeisle-blocks-advanced-heading-6164b435\" class=\"wp-block-themeisle-blocks-advanced-heading wp-block-themeisle-blocks-advanced-heading-6164b435\"><\/h6>\n\n\n\n<h4 class=\"wp-block-heading has-text-color-color has-text-color\">\u00bfPOR QU\u00c9 CONOCER Y APLICAR LA PNL?<\/h4>\n\n\n\n<p class=\"has-text-color-color has-text-color\">\u2705 Mejora tus relaciones personales y profesionales.<br>\u2705 Supera bloqueos mentales y emocionales.<br>\u2705 Toma decisiones con mayor claridad y confianza.<br>\u2705 Aumenta tu capacidad para aprender y adaptarte r\u00e1pidamente.<\/p>\n\n\n\n<p class=\"has-text-color-color has-text-color\"><\/p>\n\n\n\n<div style=\"height:20px\" aria-hidden=\"true\" class=\"wp-block-spacer\"><\/div>\n\n\n\n<div class=\"wp-block-buttons is-layout-flex wp-block-buttons-is-layout-flex\"><\/div>\n<\/div>\n<\/div><\/div>\n\n\n\n<figure class=\"wp-block-image size-large\"><img loading=\"lazy\" decoding=\"async\" width=\"1024\" height=\"681\" src=\"https:\/\/wuwei-coaching.com\/wp-content\/uploads\/2025\/03\/dawn-1840298_1280-1024x681.jpg\" alt=\"\" class=\"wp-image-1176\" srcset=\"https:\/\/wuwei-coaching.com\/wp-content\/uploads\/2025\/03\/dawn-1840298_1280-1024x681.jpg 1024w, https:\/\/wuwei-coaching.com\/wp-content\/uploads\/2025\/03\/dawn-1840298_1280-300x199.jpg 300w, https:\/\/wuwei-coaching.com\/wp-content\/uploads\/2025\/03\/dawn-1840298_1280-768x511.jpg 768w, https:\/\/wuwei-coaching.com\/wp-content\/uploads\/2025\/03\/dawn-1840298_1280-360x240.jpg 360w, https:\/\/wuwei-coaching.com\/wp-content\/uploads\/2025\/03\/dawn-1840298_1280-272x182.jpg 272w, https:\/\/wuwei-coaching.com\/wp-content\/uploads\/2025\/03\/dawn-1840298_1280.jpg 1280w\" sizes=\"auto, (max-width: 1024px) 100vw, 1024px\" \/><\/figure>\n\n\n\n<div id=\"wp-block-themeisle-blocks-advanced-columns-be0d6fa2\" class=\"wp-block-themeisle-blocks-advanced-columns alignfull has-2-columns has-desktop-equal-layout has-tablet-equal-layout has-mobile-collapsedRows-layout has-vertical-unset\"><div class=\"wp-block-themeisle-blocks-advanced-columns-overlay\"><\/div><div class=\"innerblocks-wrap\">\n<div id=\"wp-block-themeisle-blocks-advanced-column-e82d3816\" class=\"wp-block-themeisle-blocks-advanced-column\">\n<h4 class=\"wp-block-heading has-nv-text-dark-bg-color has-text-color\">SOBRE EL CURSO DE PNL<\/h4>\n\n\n\n<p class=\"has-nv-text-dark-bg-color has-text-color\">\ud83d\udccc <strong>\u00bfQu\u00e9 aprender\u00e1s?<\/strong><br>\ud83d\udd39 T\u00e9cnicas para cambiar creencias limitantes y reforzar las positivas.<br>\ud83d\udd39 C\u00f3mo utilizar el lenguaje para influir en ti mismo y en los dem\u00e1s.<br>\ud83d\udd39Estrategias pr\u00e1cticas para el \u00e9xito personal y profesional.<\/p>\n\n\n\n<p>\ud83d\udccd <strong>Modalidad:<\/strong> El curso se ofrece en <strong>grupos reducidos<\/strong> , permitiendo atenci\u00f3n personalizada y un ambiente de aprendizaje profundo.<\/p>\n\n\n\n<p>\ud83d\udc65 <strong>Formaci\u00f3n de grupos:<\/strong> Se forman nuevos grupos seg\u00fan el n\u00famero de participantes interesados, asegurando la mejor experiencia para todos.<\/p>\n\n\n\n<p class=\"has-nv-text-dark-bg-color has-text-color\">\ud83d\udce9 <strong>Reserva tu plaza o solicita m\u00e1s informaci\u00f3n:<\/strong> [Formulario de contacto \/ WhatsApp \/ Email]<\/p>\n\n\n\n<div style=\"height:20px\" aria-hidden=\"true\" class=\"wp-block-spacer\"><\/div>\n\n\n\n<div class=\"wp-block-buttons is-layout-flex wp-block-buttons-is-layout-flex\"><\/div>\n<\/div>\n\n\n\n<div id=\"wp-block-themeisle-blocks-advanced-column-3e19d1cf\" class=\"wp-block-themeisle-blocks-advanced-column\">\n<figure class=\"wp-block-image size-large animated fadeInUp slow\"><img loading=\"lazy\" decoding=\"async\" width=\"724\" height=\"1024\" src=\"https:\/\/wuwei-coaching.com\/wp-content\/uploads\/2025\/03\/couple-7222290_1280-724x1024.jpg\" alt=\"\" class=\"wp-image-1173\" srcset=\"https:\/\/wuwei-coaching.com\/wp-content\/uploads\/2025\/03\/couple-7222290_1280-724x1024.jpg 724w, https:\/\/wuwei-coaching.com\/wp-content\/uploads\/2025\/03\/couple-7222290_1280-212x300.jpg 212w, https:\/\/wuwei-coaching.com\/wp-content\/uploads\/2025\/03\/couple-7222290_1280-768x1086.jpg 768w, https:\/\/wuwei-coaching.com\/wp-content\/uploads\/2025\/03\/couple-7222290_1280.jpg 905w\" sizes=\"auto, (max-width: 724px) 100vw, 724px\" \/><\/figure>\n<\/div>\n<\/div><\/div>\n\n\n\n<p><\/p>\n","protected":false},"excerpt":{"rendered":"","protected":false},"author":1,"featured_media":0,"parent":0,"menu_order":0,"comment_status":"closed","ping_status":"closed","template":"page-templates\/template-pagebuilder-full-width.php","meta":{"_themeisle_gutenberg_block_has_review":false,"_ti_tpc_template_sync":false,"_ti_tpc_template_id":"1rnamfyfnv5hpxmgqau9","footnotes":""},"class_list":["post-201","page","type-page","status-publish","hentry"],"_links":{"self":[{"href":"https:\/\/wuwei-coaching.com\/index.php?rest_route=\/wp\/v2\/pages\/201","targetHints":{"allow":["GET"]}}],"collection":[{"href":"https:\/\/wuwei-coaching.com\/index.php?rest_route=\/wp\/v2\/pages"}],"about":[{"href":"https:\/\/wuwei-coaching.com\/index.php?rest_route=\/wp\/v2\/types\/page"}],"author":[{"embeddable":true,"href":"https:\/\/wuwei-coaching.com\/index.php?rest_route=\/wp\/v2\/users\/1"}],"replies":[{"embeddable":true,"href":"https:\/\/wuwei-coaching.com\/index.php?rest_route=%2Fwp%2Fv2%2Fcomments&post=201"}],"version-history":[{"count":21,"href":"https:\/\/wuwei-coaching.com\/index.php?rest_route=\/wp\/v2\/pages\/201\/revisions"}],"predecessor-version":[{"id":1177,"href":"https:\/\/wuwei-coaching.com\/index.php?rest_route=\/wp\/v2\/pages\/201\/revisions\/1177"}],"wp:attachment":[{"href":"https:\/\/wuwei-coaching.com\/index.php?rest_route=%2Fwp%2Fv2%2Fmedia&parent=201"}],"curies":[{"name":"wp","href":"https:\/\/api.w.org\/{rel}","templated":true}]}}