{"id":440,"date":"2022-10-19T17:14:00","date_gmt":"2022-10-19T17:14:00","guid":{"rendered":"https:\/\/wuwei-coaching.com\/?page_id=440"},"modified":"2025-03-06T16:10:26","modified_gmt":"2025-03-06T16:10:26","slug":"nosotros","status":"publish","type":"page","link":"https:\/\/wuwei-coaching.com\/?page_id=440","title":{"rendered":"B. Menayo"},"content":{"rendered":"<div class=\"wp-block-image\">\n<figure class=\"alignleft size-full is-resized\"><img loading=\"lazy\" decoding=\"async\" width=\"645\" height=\"645\" src=\"https:\/\/wuwei-coaching.com\/wp-content\/uploads\/2025\/03\/Sin-titulo-2.jpg\" alt=\"\" class=\"wp-image-1082\" style=\"width:176px;height:auto\" srcset=\"https:\/\/wuwei-coaching.com\/wp-content\/uploads\/2025\/03\/Sin-titulo-2.jpg 645w, https:\/\/wuwei-coaching.com\/wp-content\/uploads\/2025\/03\/Sin-titulo-2-300x300.jpg 300w, https:\/\/wuwei-coaching.com\/wp-content\/uploads\/2025\/03\/Sin-titulo-2-150x150.jpg 150w\" sizes=\"auto, (max-width: 645px) 100vw, 645px\" \/><\/figure>\n<\/div>\n\n\n<h4 class=\"wp-block-heading\"><\/h4>\n\n\n\n<p>Soy una persona apasionada por el desarrollo humano, el autoconocimiento y la creatividad. Mi vida ha estado marcada por un constante proceso de aprendizaje, buscando herramientas que me permitan ayudar a otros a alcanzar su mejor versi\u00f3n, superar obst\u00e1culos y encontrar su prop\u00f3sito. Desde la escritura, la ilustraci\u00f3n y el coaching simb\u00f3lico, hasta t\u00e9cnicas de crecimiento personal como la Programaci\u00f3n Neuroling\u00fc\u00edstica y la estimulaci\u00f3n cognitiva, siempre he cre\u00eddo que el camino hacia el bienestar pasa por comprender nuestras emociones, pensamientos y creencias.<\/p>\n\n\n\n<p>Mi misi\u00f3n es acompa\u00f1ar a personas y grupos en este proceso de transformaci\u00f3n, utilizando m\u00e9todos innovadores que combinen arte, psicolog\u00eda y desarrollo personal. A trav\u00e9s de mi trabajo, busco crear espacios de reflexi\u00f3n, aprendizaje y crecimiento, ayudando a cada individuo a descubrir su potencial y construir una vida m\u00e1s plena.<\/p>\n\n\n\n<hr class=\"wp-block-separator has-alpha-channel-opacity\"\/>\n\n\n\n<h2 class=\"wp-block-heading\"><\/h2>\n\n\n\n<p>Aunque mi proyecto todav\u00eda est\u00e1 en pleno crecimiento, lo que quiero ofrecer a las personas es una <strong>experiencia de transformaci\u00f3n y desarrollo personal<\/strong> . Mi enfoque se basa en la combinaci\u00f3n de herramientas terap\u00e9uticas, art\u00edsticas y educativas que permiten alcanzar un equilibrio emocional, cognitivo y f\u00edsico. A trav\u00e9s de actividades dise\u00f1adas especialmente para cada necesidad, desde el coaching simb\u00f3lico hasta programas de estimulaci\u00f3n cognitiva y sensorial, mi prop\u00f3sito es acompa\u00f1ar a otros en su camino hacia una vida m\u00e1s saludable, equilibrada y feliz.<\/p>\n\n\n\n<p>Aunque no soy una gran empresa, cada servicio que ofrezco est\u00e1 pensado con el cuidado y la atenci\u00f3n que merece cada persona. Estoy comprometida con el bienestar de quienes conf\u00edan en m\u00ed y me esfuerzo por brindar experiencias que impacten positivamente en su vida. Mi trabajo est\u00e1 basado en la honestidad, el respeto y la empat\u00eda, buscando siempre ofrecer lo mejor de m\u00ed para cada proyecto y persona con la que colaboro.<\/p>\n\n\n\n<p><\/p>\n","protected":false},"excerpt":{"rendered":"<p>Soy una persona apasionada por el desarrollo humano, el autoconocimiento y la creatividad. Mi vida ha estado marcada por un constante proceso de aprendizaje, buscando herramientas que me permitan ayudar a otros a alcanzar su mejor versi\u00f3n, superar obst\u00e1culos y encontrar su prop\u00f3sito. Desde la escritura, la ilustraci\u00f3n y el [&hellip;]<\/p>\n","protected":false},"author":1,"featured_media":0,"parent":0,"menu_order":0,"comment_status":"closed","ping_status":"closed","template":"","meta":{"_themeisle_gutenberg_block_has_review":false,"_ti_tpc_template_sync":false,"_ti_tpc_template_id":"","footnotes":""},"class_list":["post-440","page","type-page","status-publish","hentry"],"_links":{"self":[{"href":"https:\/\/wuwei-coaching.com\/index.php?rest_route=\/wp\/v2\/pages\/440","targetHints":{"allow":["GET"]}}],"collection":[{"href":"https:\/\/wuwei-coaching.com\/index.php?rest_route=\/wp\/v2\/pages"}],"about":[{"href":"https:\/\/wuwei-coaching.com\/index.php?rest_route=\/wp\/v2\/types\/page"}],"author":[{"embeddable":true,"href":"https:\/\/wuwei-coaching.com\/index.php?rest_route=\/wp\/v2\/users\/1"}],"replies":[{"embeddable":true,"href":"https:\/\/wuwei-coaching.com\/index.php?rest_route=%2Fwp%2Fv2%2Fcomments&post=440"}],"version-history":[{"count":8,"href":"https:\/\/wuwei-coaching.com\/index.php?rest_route=\/wp\/v2\/pages\/440\/revisions"}],"predecessor-version":[{"id":1237,"href":"https:\/\/wuwei-coaching.com\/index.php?rest_route=\/wp\/v2\/pages\/440\/revisions\/1237"}],"wp:attachment":[{"href":"https:\/\/wuwei-coaching.com\/index.php?rest_route=%2Fwp%2Fv2%2Fmedia&parent=440"}],"curies":[{"name":"wp","href":"https:\/\/api.w.org\/{rel}","templated":true}]}}